{"id":48,"date":"2013-04-04T14:55:50","date_gmt":"2013-04-04T13:55:50","guid":{"rendered":"https:\/\/stephanephilipps.fr\/?page_id=48"},"modified":"2018-04-03T11:09:51","modified_gmt":"2018-04-03T10:09:51","slug":"tarifs","status":"publish","type":"page","link":"https:\/\/www.stephanephilipps.fr\/?page_id=48","title":{"rendered":"Tarifs"},"content":{"rendered":"<p style=\"text-align: left;\"><em>grille de tarifs : mise \u00e0 jour 09\/2014<\/em><\/p>\n<h3>\u00a0 \u00a0 \u00a0 \u00a0 \u00a0 \u00a0 \u00a0\u00a0<a href=\"https:\/\/stephanephilipps.fr\/wp-content\/uploads\/2013\/04\/8614627906_420997437f_b.jpg\"><img loading=\"lazy\" decoding=\"async\" class=\"size-medium wp-image-115 alignnone\" src=\"https:\/\/stephanephilipps.fr\/wp-content\/uploads\/2013\/04\/8614627906_420997437f_b-300x200.jpg\" alt=\"bonnet\" width=\"300\" height=\"200\" \/><\/a>\u00a0\u00a0<img loading=\"lazy\" decoding=\"async\" class=\"alignnone size-medium wp-image-109\" src=\"https:\/\/stephanephilipps.fr\/wp-content\/uploads\/2013\/04\/8557219271_2615b00123_b-300x200.jpg\" alt=\"tournage\" width=\"300\" height=\"200\" \/><\/h3>\n<h3><strong><em>Vid\u00e9o :<\/em><\/strong><\/h3>\n<p>&#8211; Tarif horaire (sur place) : <span style=\"color: #003366;\"><strong>130\u20ac<\/strong><\/span><\/p>\n<p>&#8211; Formule tourn\u00e9\/mont\u00e9 <strong>1\/2 Journ\u00e9e ou soir\u00e9e<\/strong> (4 heures sur place ) : <span style=\"color: #003366;\"><strong>500\u20ac<\/strong><\/span><\/p>\n<p>&#8211; Formule tourn\u00e9\/mont\u00e9\u00a0J<strong>ourn\u00e9e compl\u00e8te<\/strong> (8 heures sur place ) : <span style=\"color: #003366;\"><strong>900\u20ac<\/strong><\/span><\/p>\n<p>&#8211; Formule<strong> C&rsquo;est dans la bo\u00eete!<\/strong> (10 heures sur place)\u00a0: Pour ne rien manquer de votre \u00e9v\u00e9nement cette formule vous propose un rendez-vous pr\u00e9alable sur site ou chez vous, des interviews, la pr\u00e9sence de 2 cam\u00e9ras ainsi que 2 cadreurs. Que ce soit les pr\u00e9paratifs ou les plus beaux moments de votre journ\u00e9e, le tout sera dans la bo\u00eete. Pour <strong><span style=\"color: #003366;\">1090\u20ac<\/span><\/strong> exigez ce qui vous fait plaisir!<\/p>\n<blockquote><p><em>Le Tarif horaire ainsi que chacune des Formules comprennent le d\u00e9placement (gratuit dans la limite de 20 km), le cadrage et r\u00e9alisation le jour de\u00a0l\u2019\u00e9v\u00e9nement,\u00a0 le montage, la retouche et choix des sc\u00e8nes, l&rsquo;encodage et la livraison sur support souhait\u00e9 (\u00e0 d\u00e9finir au pr\u00e9alable).<\/em><\/p><\/blockquote>\n<p style=\"text-align: left;\">&#8211; D\u00e9placement\u00a0<strong>gratuit<\/strong>\u00a0moins de<strong>\u00a020 km<\/strong> (aller-retour) sinon<span style=\"color: #003366;\">\u00a0<\/span><strong><span style=\"color: #003366;\">0,50\u20ac<\/span> le km<\/strong><\/p>\n<p>&#8211; Creation de DVDs (authoring\/menu, duplication, jaquettes, etc.) sur <span style=\"color: #003366;\"><strong>devis<\/strong><\/span><\/p>\n<p>&nbsp;<\/p>\n<p><strong style=\"color: #333333; font-size: 16px; line-height: normal;\"><em>Communication :<\/em><\/strong><\/p>\n<p>&#8211; Flyers,\u00a0Affiches,\u00a0Cartes de visite, Sites Internet, Jaquettes CD, DVD, etc. (conception et impression) :\u00a0Sur <strong><span style=\"color: #003366;\">devis<\/span><\/strong> selon la quantit\u00e9, le support et le format.<\/p>\n<p style=\"text-align: center;\"><strong>Pour toute autre demande,\u00a0n\u2019h\u00e9sitez\u00a0pas \u00e0 <a title=\"me contacter\" href=\"http:\/\/www.stephanephilipps.fr\/?page_id=2\">me contacter<\/a> pour \u00e9tablir un devis qui vous ressemble!<\/strong><\/p>\n<p style=\"text-align: center;\">\n","protected":false},"excerpt":{"rendered":"<p>grille de tarifs : mise \u00e0 jour 09\/2014 \u00a0 \u00a0 \u00a0 \u00a0 \u00a0 \u00a0 \u00a0\u00a0\u00a0\u00a0 Vid\u00e9o : &#8211; Tarif horaire (sur place) : 130\u20ac &#8211; Formule tourn\u00e9\/mont\u00e9 1\/2 Journ\u00e9e ou soir\u00e9e (4 heures sur place ) : 500\u20ac &#8211; Formule tourn\u00e9\/mont\u00e9\u00a0Journ\u00e9e compl\u00e8te (8 heures sur place ) : 900\u20ac &#8211; Formule C&rsquo;est dans la bo\u00eete! [&hellip;]<\/p>\n","protected":false},"author":1,"featured_media":0,"parent":0,"menu_order":3,"comment_status":"open","ping_status":"closed","template":"","meta":{"_et_pb_use_builder":"","_et_pb_old_content":"","_et_gb_content_width":"","footnotes":""},"class_list":["post-48","page","type-page","status-publish","hentry"],"_links":{"self":[{"href":"https:\/\/www.stephanephilipps.fr\/index.php?rest_route=\/wp\/v2\/pages\/48","targetHints":{"allow":["GET"]}}],"collection":[{"href":"https:\/\/www.stephanephilipps.fr\/index.php?rest_route=\/wp\/v2\/pages"}],"about":[{"href":"https:\/\/www.stephanephilipps.fr\/index.php?rest_route=\/wp\/v2\/types\/page"}],"author":[{"embeddable":true,"href":"https:\/\/www.stephanephilipps.fr\/index.php?rest_route=\/wp\/v2\/users\/1"}],"replies":[{"embeddable":true,"href":"https:\/\/www.stephanephilipps.fr\/index.php?rest_route=%2Fwp%2Fv2%2Fcomments&post=48"}],"version-history":[{"count":60,"href":"https:\/\/www.stephanephilipps.fr\/index.php?rest_route=\/wp\/v2\/pages\/48\/revisions"}],"predecessor-version":[{"id":611,"href":"https:\/\/www.stephanephilipps.fr\/index.php?rest_route=\/wp\/v2\/pages\/48\/revisions\/611"}],"wp:attachment":[{"href":"https:\/\/www.stephanephilipps.fr\/index.php?rest_route=%2Fwp%2Fv2%2Fmedia&parent=48"}],"curies":[{"name":"wp","href":"https:\/\/api.w.org\/{rel}","templated":true}]}}